{"id":239,"date":"2016-01-24T08:16:55","date_gmt":"2016-01-24T08:16:55","guid":{"rendered":"https:\/\/radiocristianaenlinea.com\/radiocristiana\/?page_id=239"},"modified":"2021-03-12T13:46:19","modified_gmt":"2021-03-12T19:46:19","slug":"potcast","status":"publish","type":"page","link":"https:\/\/radiocristianaenlinea.com\/radiocristiana\/potcast\/","title":{"rendered":"Podcast"},"content":{"rendered":"<h1 style=\"text-align: center;\"><strong>Mujeres de la palabra<\/strong><\/h1>\n<h3><strong>Sara<\/strong><\/h3>\n<audio class=\"wp-audio-shortcode\" id=\"audio-239-1\" preload=\"none\" style=\"width: 100%;\" controls=\"controls\"><source type=\"audio\/mpeg\" src=\"https:\/\/radiocristianaenlinea.com\/radiocristiana\/wp-content\/uploads\/2018\/05\/Sara.m4a?_=1\" \/><a href=\"https:\/\/radiocristianaenlinea.com\/radiocristiana\/wp-content\/uploads\/2018\/05\/Sara.m4a\">https:\/\/radiocristianaenlinea.com\/radiocristiana\/wp-content\/uploads\/2018\/05\/Sara.m4a<\/a><\/audio>\n<p><strong>Paroxeando<\/strong><\/p>\n<audio class=\"wp-audio-shortcode\" id=\"audio-239-2\" preload=\"none\" style=\"width: 100%;\" controls=\"controls\"><source type=\"audio\/mpeg\" src=\"https:\/\/radiocristianaenlinea.com\/radiocristiana\/wp-content\/uploads\/2016\/02\/PAROXISMO-06022016-2.mp3?_=2\" \/><a href=\"https:\/\/radiocristianaenlinea.com\/radiocristiana\/wp-content\/uploads\/2016\/02\/PAROXISMO-06022016-2.mp3\">https:\/\/radiocristianaenlinea.com\/radiocristiana\/wp-content\/uploads\/2016\/02\/PAROXISMO-06022016-2.mp3<\/a><\/audio>\n\n\n<p class=\"wp-block-paragraph\">Si quieres escuchar mas audios como este te invitamos a escuchar la serie <strong><a href=\"https:\/\/radiocristianaenlinea.com\/radiocristiana\/2018\/11\/05\/mentiras-que-las-mujeres-creen-a-cerca-de-dios\/\">Mentiras que las mujeres creen y la verdad que las hace libres<\/a><\/strong>. sabemos que ser\u00e1n de bendici\u00f3n a tu vida y si conoces a alguien que pueda ser bendecida por favor comparte nuestra pagina. <\/p>\n\n\n\n<p class=\"wp-block-paragraph\">Suscr\u00edbete a nuestro canal de <strong><a href=\"https:\/\/www.youtube.com\/channel\/UCBNmlwGCzFgEbztEWfNW22Q\">youtube<\/a><\/strong> tenemos predicas, y programas, si te gusta lo que ves por favor comparte. <\/p>\n","protected":false},"excerpt":{"rendered":"<p>Mujeres de la palabra Sara Paroxeando Si quieres escuchar mas audios como este te invitamos a escuchar la serie Mentiras que las mujeres creen y la verdad que las hace libres. sabemos que ser\u00e1n de bendici\u00f3n a tu vida y si conoces a alguien que pueda ser bendecida por favor comparte nuestra pagina. Suscr\u00edbete a [&hellip;]<\/p>\n","protected":false},"author":1,"featured_media":70,"parent":0,"menu_order":0,"comment_status":"closed","ping_status":"closed","template":"","meta":{"_crdt_document":"","_monsterinsights_skip_tracking":false,"_monsterinsights_sitenote_active":false,"_monsterinsights_sitenote_note":"","_monsterinsights_sitenote_category":0,"footnotes":""},"class_list":["post-239","page","type-page","status-publish","has-post-thumbnail","hentry","post","post-with-thumbnail","post-with-thumbnail-large"],"aioseo_notices":[],"_links":{"self":[{"href":"https:\/\/radiocristianaenlinea.com\/radiocristiana\/wp-json\/wp\/v2\/pages\/239","targetHints":{"allow":["GET"]}}],"collection":[{"href":"https:\/\/radiocristianaenlinea.com\/radiocristiana\/wp-json\/wp\/v2\/pages"}],"about":[{"href":"https:\/\/radiocristianaenlinea.com\/radiocristiana\/wp-json\/wp\/v2\/types\/page"}],"author":[{"embeddable":true,"href":"https:\/\/radiocristianaenlinea.com\/radiocristiana\/wp-json\/wp\/v2\/users\/1"}],"replies":[{"embeddable":true,"href":"https:\/\/radiocristianaenlinea.com\/radiocristiana\/wp-json\/wp\/v2\/comments?post=239"}],"version-history":[{"count":10,"href":"https:\/\/radiocristianaenlinea.com\/radiocristiana\/wp-json\/wp\/v2\/pages\/239\/revisions"}],"predecessor-version":[{"id":4079,"href":"https:\/\/radiocristianaenlinea.com\/radiocristiana\/wp-json\/wp\/v2\/pages\/239\/revisions\/4079"}],"wp:featuredmedia":[{"embeddable":true,"href":"https:\/\/radiocristianaenlinea.com\/radiocristiana\/wp-json\/wp\/v2\/media\/70"}],"wp:attachment":[{"href":"https:\/\/radiocristianaenlinea.com\/radiocristiana\/wp-json\/wp\/v2\/media?parent=239"}],"curies":[{"name":"wp","href":"https:\/\/api.w.org\/{rel}","templated":true}]}}